{"id":1958,"date":"2020-05-07T08:35:38","date_gmt":"2020-05-07T08:35:38","guid":{"rendered":"http:\/\/localhost\/theratio\/?page_id=1958"},"modified":"2023-01-09T21:15:00","modified_gmt":"2023-01-09T21:15:00","slug":"hakkimizda","status":"publish","type":"page","link":"https:\/\/aplusproje.com.tr\/index.php\/hakkimizda\/","title":{"rendered":"Hakk\u0131m\u0131zda"},"content":{"rendered":"\t\t<div data-elementor-type=\"wp-page\" data-elementor-id=\"1958\" class=\"elementor elementor-1958\">\n\t\t\t\t\t\t\t\t\t<section class=\"elementor-section elementor-top-section elementor-element elementor-element-bdd9939 elementor-section-content-middle elementor-section-boxed elementor-section-height-default elementor-section-height-default\" data-id=\"bdd9939\" data-element_type=\"section\">\n\t\t\t\t\t\t<div class=\"elementor-container elementor-column-gap-extended\">\n\t\t\t\t\t<div class=\"elementor-column elementor-col-50 elementor-top-column elementor-element elementor-element-12b070d ot-flex-column-vertical\" data-id=\"12b070d\" data-element_type=\"column\">\n\t\t\t<div class=\"elementor-widget-wrap elementor-element-populated\">\n\t\t\t\t\t\t\t\t<div class=\"elementor-element elementor-element-ea70568 elementor-widget elementor-widget-image\" data-id=\"ea70568\" data-element_type=\"widget\" data-widget_type=\"image.default\">\n\t\t\t\t<div class=\"elementor-widget-container\">\n\t\t\t<style>\/*! elementor - v3.10.0 - 09-01-2023 *\/\n.elementor-widget-image{text-align:center}.elementor-widget-image a{display:inline-block}.elementor-widget-image a img[src$=\".svg\"]{width:48px}.elementor-widget-image img{vertical-align:middle;display:inline-block}<\/style>\t\t\t\t\t\t\t\t\t\t\t\t<img loading=\"lazy\" decoding=\"async\" width=\"300\" height=\"105\" src=\"https:\/\/aplusproje.com.tr\/wp-content\/uploads\/2020\/06\/yeni-a-plus-2-300x105-kopya.png\" class=\"attachment-large size-large wp-image-4835\" alt=\"\" \/>\t\t\t\t\t\t\t\t\t\t\t\t\t\t\t<\/div>\n\t\t\t\t<\/div>\n\t\t\t\t\t<\/div>\n\t\t<\/div>\n\t\t\t\t<div class=\"elementor-column elementor-col-50 elementor-top-column elementor-element elementor-element-c955026 ot-flex-column-vertical\" data-id=\"c955026\" data-element_type=\"column\">\n\t\t\t<div class=\"elementor-widget-wrap elementor-element-populated\">\n\t\t\t\t\t\t\t\t<div class=\"elementor-element elementor-element-94474d6 elementor-widget elementor-widget-iheading\" data-id=\"94474d6\" data-element_type=\"widget\" data-widget_type=\"iheading.default\">\n\t\t\t\t<div class=\"elementor-widget-container\">\n\t\t\t\t\t<div class=\"ot-heading is-dots\">\r\n\t        \t            <span>[ Hakk\u0131m\u0131zda ]<\/span>\r\n\t        \t        <h2 class=\"main-heading\">Yeni Nesil Mimarl\u0131k & Tasar\u0131m \u00c7\u00f6z\u00fcmleri<\/h2>\r\n\t        \t    <\/div>\r\n\t    \t\t<\/div>\n\t\t\t\t<\/div>\n\t\t\t\t<div class=\"elementor-element elementor-element-4408703 elementor-widget elementor-widget-text-editor\" data-id=\"4408703\" data-element_type=\"widget\" data-widget_type=\"text-editor.default\">\n\t\t\t\t<div class=\"elementor-widget-container\">\n\t\t\t<style>\/*! elementor - v3.10.0 - 09-01-2023 *\/\n.elementor-widget-text-editor.elementor-drop-cap-view-stacked .elementor-drop-cap{background-color:#818a91;color:#fff}.elementor-widget-text-editor.elementor-drop-cap-view-framed .elementor-drop-cap{color:#818a91;border:3px solid;background-color:transparent}.elementor-widget-text-editor:not(.elementor-drop-cap-view-default) .elementor-drop-cap{margin-top:8px}.elementor-widget-text-editor:not(.elementor-drop-cap-view-default) .elementor-drop-cap-letter{width:1em;height:1em}.elementor-widget-text-editor .elementor-drop-cap{float:left;text-align:center;line-height:1;font-size:50px}.elementor-widget-text-editor .elementor-drop-cap-letter{display:inline-block}<\/style>\t\t\t\t<p class=\"no-rep\">A PLUS PROJE, gen\u00e7 ve dinamik kadrosuyla s\u00fcrekli geli\u015fen ve kendini yenileyen bir mimarl\u0131k anlay\u0131\u015f\u0131na sahiptir. Mimari tasar\u0131m konusunu bulundu\u011fu yere \u00f6zg\u00fc ko\u015fullar ve olanaklar \u00e7er\u00e7evesinde ele alan ekip; insan, kentsel \u00e7evre ve do\u011fal \u00e7evreyi odak alarak \u015fekillenen tasar\u0131m anlay\u0131\u015f\u0131yla ve her daim y\u00fcksek motivasyonlu tak\u0131m ruhuyla mimarl\u0131k ser\u00fcveninde yerini alm\u0131\u015ft\u0131r.<\/p><p class=\"no-rep\">Projelerimiz; mimarl\u0131k kuram\u0131na ait d\u00fc\u015f\u00fcnsel birikim, sezgisel mekan alg\u0131s\u0131 ve mimari uygulama deneyiminin nesnel bilgisiyle harmanlanan zengin bir n\u00fcveden t\u00fcremektedir. \u0130\u00e7inde bulundu\u011fumuz enformasyon \u00e7a\u011f\u0131n\u0131n yaratt\u0131\u011f\u0131 kuvvetli ileti\u015fim ortam\u0131 ve s\u00fcrekli geli\u015fen dijital tasar\u0131m ara\u00e7lar\u0131; mimari \u00fcretim s\u00fcrecimizi besleyecek \u015fekilde rafine edilerek de\u011ferlendirilmektedir. Do\u011fal kaynaklar\u0131n giderek azald\u0131\u011f\u0131 d\u00fcnyam\u0131zda; geri d\u00f6n\u00fc\u015f\u00fcme elveri\u015fli yap\u0131lar ve ekonomik mimari \u00e7\u00f6z\u00fcmler sunma konusunda olduk\u00e7a hassas davran\u0131lmaktad\u0131r.<\/p>\t\t\t\t\t\t<\/div>\n\t\t\t\t<\/div>\n\t\t\t\t<div class=\"elementor-element elementor-element-f73b984 elementor-widget elementor-widget-ibutton\" data-id=\"f73b984\" data-element_type=\"widget\" data-widget_type=\"ibutton.default\">\n\t\t\t\t<div class=\"elementor-widget-container\">\n\t\t\t\t\t<div class=\"ot-button\">\r\n\t\t\t<a href=\"https:\/\/aplusproje.com.tr\/index.php\/portfoyumuz\/#portfoy\" class=\"octf-btn octf-btn-dark\">Referanslar\u0131m\u0131z<\/a>\r\n\t    <\/div>\r\n\t    \t\t<\/div>\n\t\t\t\t<\/div>\n\t\t\t\t\t<\/div>\n\t\t<\/div>\n\t\t\t\t\t\t\t<\/div>\n\t\t<\/section>\n\t\t\t\t<section class=\"elementor-section elementor-top-section elementor-element elementor-element-a885e6e elementor-section-boxed elementor-section-height-default elementor-section-height-default\" data-id=\"a885e6e\" data-element_type=\"section\" data-settings=\"{&quot;background_background&quot;:&quot;classic&quot;}\">\n\t\t\t\t\t\t<div class=\"elementor-container elementor-column-gap-default\">\n\t\t\t\t\t<div class=\"elementor-column elementor-col-100 elementor-top-column elementor-element elementor-element-80dda1e ot-flex-column-vertical\" data-id=\"80dda1e\" data-element_type=\"column\">\n\t\t\t<div class=\"elementor-widget-wrap elementor-element-populated\">\n\t\t\t\t\t\t\t\t<div class=\"elementor-element elementor-element-04ddae5 theratio-align-center elementor-widget elementor-widget-iheading\" data-id=\"04ddae5\" data-element_type=\"widget\" data-widget_type=\"iheading.default\">\n\t\t\t\t<div class=\"elementor-widget-container\">\n\t\t\t\t\t<div class=\"ot-heading \">\r\n\t        \t            <span>[ Hakk\u0131m\u0131zda ]<\/span>\r\n\t        \t        <h2 class=\"main-heading\">\u0130\u015f Felsefemiz<\/h2>\r\n\t        \t    <\/div>\r\n\t    \t\t<\/div>\n\t\t\t\t<\/div>\n\t\t\t\t<section class=\"elementor-section elementor-inner-section elementor-element elementor-element-b820fc7 elementor-section-full_width elementor-section-height-default elementor-section-height-default\" data-id=\"b820fc7\" data-element_type=\"section\">\n\t\t\t\t\t\t<div class=\"elementor-container elementor-column-gap-extended\">\n\t\t\t\t\t<div class=\"elementor-column elementor-col-33 elementor-inner-column elementor-element elementor-element-33a2c31 ot-flex-column-vertical\" data-id=\"33a2c31\" data-element_type=\"column\">\n\t\t\t<div class=\"elementor-widget-wrap elementor-element-populated\">\n\t\t\t\t\t\t\t\t<div class=\"elementor-element elementor-element-43416c5 elementor-widget elementor-widget-iflip_box\" data-id=\"43416c5\" data-element_type=\"widget\" data-widget_type=\"iflip_box.default\">\n\t\t\t\t<div class=\"elementor-widget-container\">\n\t\t\t\r\n\t\t<div class=\"support-box\">\r\n\t\t\t<div class=\"inner-box\">\r\n\t\t\t\t<div class=\"overlay flex-middle\">\r\n\t\t\t\t\t<div class=\"inner\">\r\n\t\t\t\t\t\t<p>Tasar\u0131mlar\u0131m\u0131z, \u00fcr\u00fcnlerimiz, \u00e7\u00f6z\u00fcmlerimiz, y\u00fcksek i\u015f ahlak\u0131m\u0131z ve i\u00e7inde bulundu\u011fumuz t\u00fcm toplumlar i\u00e7in de\u011fer yaratan bir \u015firket olmak.<\/p>\r\n\t\t\t\t\t<\/div>\r\n\t\t\t\t<\/div>\r\n\t\t\t\t<div class=\"content-box\">\r\n\t\t\t\t\t<div class=\"icon-title\">\r\n\t\t\t\t        \t\t\t\t        <span class=\"ot-flaticon-brickwall\"><\/span>\t\t\t\t        <h5>Misyonumuz<\/h5>\r\n\t\t\t        <\/div>\r\n\t\t\t\t\t<img loading=\"lazy\" decoding=\"async\" width=\"750\" height=\"628\" src=\"https:\/\/aplusproje.com.tr\/wp-content\/uploads\/2020\/05\/support1.jpg\" class=\"attachment-full size-full wp-image-2609\" alt=\"\" srcset=\"https:\/\/aplusproje.com.tr\/wp-content\/uploads\/2020\/05\/support1.jpg 750w, https:\/\/aplusproje.com.tr\/wp-content\/uploads\/2020\/05\/support1-300x251.jpg 300w\" sizes=\"auto, (max-width: 750px) 100vw, 750px\" \/>\t\t\t\t<\/div>\r\n\t\t\t<\/div>\r\n\t    <\/div>\r\n\r\n\t    \t\t<\/div>\n\t\t\t\t<\/div>\n\t\t\t\t\t<\/div>\n\t\t<\/div>\n\t\t\t\t<div class=\"elementor-column elementor-col-33 elementor-inner-column elementor-element elementor-element-d8acae6 ot-flex-column-vertical\" data-id=\"d8acae6\" data-element_type=\"column\">\n\t\t\t<div class=\"elementor-widget-wrap elementor-element-populated\">\n\t\t\t\t\t\t\t\t<div class=\"elementor-element elementor-element-670ad0b elementor-widget elementor-widget-iflip_box\" data-id=\"670ad0b\" data-element_type=\"widget\" data-widget_type=\"iflip_box.default\">\n\t\t\t\t<div class=\"elementor-widget-container\">\n\t\t\t\r\n\t\t<div class=\"support-box\">\r\n\t\t\t<div class=\"inner-box\">\r\n\t\t\t\t<div class=\"overlay flex-middle\">\r\n\t\t\t\t\t<div class=\"inner\">\r\n\t\t\t\t\t\t<p>D\u00fcnyadaki de\u011fi\u015fime ve geli\u015fime paralel olarak yapt\u0131\u011f\u0131m\u0131z i\u015flerde g\u00f6rselli\u011fi ve i\u015flevselli\u011fi harmanlay\u0131p elde etti\u011fimiz tasar\u0131m ve uygulama bilgisi ile uzman oldu\u011fumuz t\u00fcm alanlarda en iyi olmak.<\/p>\r\n\t\t\t\t\t<\/div>\r\n\t\t\t\t<\/div>\r\n\t\t\t\t<div class=\"content-box\">\r\n\t\t\t\t\t<div class=\"icon-title\">\r\n\t\t\t\t        \t\t\t\t        <span class=\"ot-flaticon-paint\"><\/span>\t\t\t\t        <h5>Vizyonumuz<\/h5>\r\n\t\t\t        <\/div>\r\n\t\t\t\t\t<img loading=\"lazy\" decoding=\"async\" width=\"750\" height=\"628\" src=\"https:\/\/aplusproje.com.tr\/wp-content\/uploads\/2020\/05\/support2.jpg\" class=\"attachment-full size-full wp-image-1965\" alt=\"\" srcset=\"https:\/\/aplusproje.com.tr\/wp-content\/uploads\/2020\/05\/support2.jpg 750w, https:\/\/aplusproje.com.tr\/wp-content\/uploads\/2020\/05\/support2-300x251.jpg 300w\" sizes=\"auto, (max-width: 750px) 100vw, 750px\" \/>\t\t\t\t<\/div>\r\n\t\t\t<\/div>\r\n\t    <\/div>\r\n\r\n\t    \t\t<\/div>\n\t\t\t\t<\/div>\n\t\t\t\t\t<\/div>\n\t\t<\/div>\n\t\t\t\t<div class=\"elementor-column elementor-col-33 elementor-inner-column elementor-element elementor-element-58b2164 ot-flex-column-vertical\" data-id=\"58b2164\" data-element_type=\"column\">\n\t\t\t<div class=\"elementor-widget-wrap elementor-element-populated\">\n\t\t\t\t\t\t\t\t<div class=\"elementor-element elementor-element-bb36af6 elementor-widget elementor-widget-iflip_box\" data-id=\"bb36af6\" data-element_type=\"widget\" data-widget_type=\"iflip_box.default\">\n\t\t\t\t<div class=\"elementor-widget-container\">\n\t\t\t\r\n\t\t<div class=\"support-box\">\r\n\t\t\t<div class=\"inner-box\">\r\n\t\t\t\t<div class=\"overlay flex-middle\">\r\n\t\t\t\t\t<div class=\"inner\">\r\n\t\t\t\t\t\t<p>Daima m\u00fc\u015fteri memnuniyeti prensibini benimseyen \u0130\u015f Plan\u0131m\u0131z ile t\u00fcm hizmet s\u00fcrecinde m\u00fc\u015fterimizin yan\u0131nday\u0131z.<\/p>\r\n\t\t\t\t\t<\/div>\r\n\t\t\t\t<\/div>\r\n\t\t\t\t<div class=\"content-box\">\r\n\t\t\t\t\t<div class=\"icon-title\">\r\n\t\t\t\t        \t\t\t\t        <span class=\"ot-flaticon-cube\"><\/span>\t\t\t\t        <h5>Prensibimiz<\/h5>\r\n\t\t\t        <\/div>\r\n\t\t\t\t\t<img loading=\"lazy\" decoding=\"async\" width=\"750\" height=\"628\" src=\"https:\/\/aplusproje.com.tr\/wp-content\/uploads\/2020\/05\/support3.jpg\" class=\"attachment-full size-full wp-image-1966\" alt=\"\" srcset=\"https:\/\/aplusproje.com.tr\/wp-content\/uploads\/2020\/05\/support3.jpg 750w, https:\/\/aplusproje.com.tr\/wp-content\/uploads\/2020\/05\/support3-300x251.jpg 300w\" sizes=\"auto, (max-width: 750px) 100vw, 750px\" \/>\t\t\t\t<\/div>\r\n\t\t\t<\/div>\r\n\t    <\/div>\r\n\r\n\t    \t\t<\/div>\n\t\t\t\t<\/div>\n\t\t\t\t\t<\/div>\n\t\t<\/div>\n\t\t\t\t\t\t\t<\/div>\n\t\t<\/section>\n\t\t\t\t\t<\/div>\n\t\t<\/div>\n\t\t\t\t\t\t\t<\/div>\n\t\t<\/section>\n\t\t\t\t<section class=\"elementor-section elementor-top-section elementor-element elementor-element-f29829f elementor-section-boxed elementor-section-height-default elementor-section-height-default\" data-id=\"f29829f\" data-element_type=\"section\" data-settings=\"{&quot;background_background&quot;:&quot;classic&quot;}\">\n\t\t\t\t\t\t<div class=\"elementor-container elementor-column-gap-extended\">\n\t\t\t\t\t<div class=\"elementor-column elementor-col-25 elementor-top-column elementor-element elementor-element-1a92680 ot-flex-column-vertical\" data-id=\"1a92680\" data-element_type=\"column\">\n\t\t\t<div class=\"elementor-widget-wrap elementor-element-populated\">\n\t\t\t\t\t\t\t\t<div class=\"elementor-element elementor-element-eef8e42 elementor-widget elementor-widget-icounter\" data-id=\"eef8e42\" data-element_type=\"widget\" data-widget_type=\"icounter.default\">\n\t\t\t\t<div class=\"elementor-widget-container\">\n\t\t\t    \t<div class=\"ot-counter\" data-counter=\"180\">\r\n        \t<div>\r\n        \t\t<span>[<\/span>\r\n        \t\t<span class=\"num\" data-to=\"180\" data-time= \"2000\"><\/span>\r\n        \t\t<span>+]<\/span>\r\n        \t<\/div>\r\n        \t<h6>MUTLU M\u00dc\u015eTER\u0130<\/h6>      \t\t\t\t        \r\n\t    <\/div>\r\n\t    \t\t<\/div>\n\t\t\t\t<\/div>\n\t\t\t\t\t<\/div>\n\t\t<\/div>\n\t\t\t\t<div class=\"elementor-column elementor-col-25 elementor-top-column elementor-element elementor-element-f8fc162 ot-flex-column-vertical\" data-id=\"f8fc162\" data-element_type=\"column\">\n\t\t\t<div class=\"elementor-widget-wrap elementor-element-populated\">\n\t\t\t\t\t\t\t\t<div class=\"elementor-element elementor-element-0571103 elementor-widget elementor-widget-icounter\" data-id=\"0571103\" data-element_type=\"widget\" data-widget_type=\"icounter.default\">\n\t\t\t\t<div class=\"elementor-widget-container\">\n\t\t\t    \t<div class=\"ot-counter\" data-counter=\"10\">\r\n        \t<div>\r\n        \t\t<span>[<\/span>\r\n        \t\t<span class=\"num\" data-to=\"10\" data-time= \"2000\"><\/span>\r\n        \t\t<span>+]<\/span>\r\n        \t<\/div>\r\n        \t<h6>YILLIK TECR\u00dcBE<\/h6>      \t\t\t\t        \r\n\t    <\/div>\r\n\t    \t\t<\/div>\n\t\t\t\t<\/div>\n\t\t\t\t\t<\/div>\n\t\t<\/div>\n\t\t\t\t<div class=\"elementor-column elementor-col-25 elementor-top-column elementor-element elementor-element-26cc338 ot-flex-column-vertical\" data-id=\"26cc338\" data-element_type=\"column\">\n\t\t\t<div class=\"elementor-widget-wrap elementor-element-populated\">\n\t\t\t\t\t\t\t\t<div class=\"elementor-element elementor-element-8fdddd2 elementor-widget elementor-widget-icounter\" data-id=\"8fdddd2\" data-element_type=\"widget\" data-widget_type=\"icounter.default\">\n\t\t\t\t<div class=\"elementor-widget-container\">\n\t\t\t    \t<div class=\"ot-counter\" data-counter=\"35\">\r\n        \t<div>\r\n        \t\t<span>[<\/span>\r\n        \t\t<span class=\"num\" data-to=\"35\" data-time= \"2000\"><\/span>\r\n        \t\t<span>+]<\/span>\r\n        \t<\/div>\r\n        \t<h6>PROFESYONEL PERSONEL<\/h6>      \t\t\t\t        \r\n\t    <\/div>\r\n\t    \t\t<\/div>\n\t\t\t\t<\/div>\n\t\t\t\t\t<\/div>\n\t\t<\/div>\n\t\t\t\t<div class=\"elementor-column elementor-col-25 elementor-top-column elementor-element elementor-element-2280bdf ot-flex-column-vertical\" data-id=\"2280bdf\" data-element_type=\"column\">\n\t\t\t<div class=\"elementor-widget-wrap elementor-element-populated\">\n\t\t\t\t\t\t\t\t<div class=\"elementor-element elementor-element-6b25206 elementor-widget elementor-widget-icounter\" data-id=\"6b25206\" data-element_type=\"widget\" data-widget_type=\"icounter.default\">\n\t\t\t\t<div class=\"elementor-widget-container\">\n\t\t\t    \t<div class=\"ot-counter\" data-counter=\"5\">\r\n        \t<div>\r\n        \t\t<span>[<\/span>\r\n        \t\t<span class=\"num\" data-to=\"5\" data-time= \"2000\"><\/span>\r\n        \t\t<span>+]<\/span>\r\n        \t<\/div>\r\n        \t<h6>\u00dcLKEDE H\u0130ZMET<\/h6>      \t\t\t\t        \r\n\t    <\/div>\r\n\t    \t\t<\/div>\n\t\t\t\t<\/div>\n\t\t\t\t\t<\/div>\n\t\t<\/div>\n\t\t\t\t\t\t\t<\/div>\n\t\t<\/section>\n\t\t\t\t\t\t\t<\/div>\n\t\t","protected":false},"excerpt":{"rendered":"<p>[ Hakk\u0131m\u0131zda ] Yeni Nesil Mimarl\u0131k &amp; Tasar\u0131m \u00c7\u00f6z\u00fcmleri A PLUS PROJE, gen\u00e7 ve dinamik kadrosuyla s\u00fcrekli geli\u015fen ve kendini yenileyen bir mimarl\u0131k anlay\u0131\u015f\u0131na sahiptir. Mimari tasar\u0131m konusunu bulundu\u011fu yere \u00f6zg\u00fc ko\u015fullar ve olanaklar \u00e7er\u00e7evesinde ele alan ekip; insan, kentsel \u00e7evre ve do\u011fal \u00e7evreyi odak alarak \u015fekillenen tasar\u0131m anlay\u0131\u015f\u0131yla ve her daim y\u00fcksek motivasyonlu tak\u0131m [&hellip;]<\/p>\n","protected":false},"author":1,"featured_media":0,"parent":0,"menu_order":0,"comment_status":"closed","ping_status":"closed","template":"","meta":{"footnotes":""},"class_list":["post-1958","page","type-page","status-publish","hentry"],"_links":{"self":[{"href":"https:\/\/aplusproje.com.tr\/index.php\/wp-json\/wp\/v2\/pages\/1958","targetHints":{"allow":["GET"]}}],"collection":[{"href":"https:\/\/aplusproje.com.tr\/index.php\/wp-json\/wp\/v2\/pages"}],"about":[{"href":"https:\/\/aplusproje.com.tr\/index.php\/wp-json\/wp\/v2\/types\/page"}],"author":[{"embeddable":true,"href":"https:\/\/aplusproje.com.tr\/index.php\/wp-json\/wp\/v2\/users\/1"}],"replies":[{"embeddable":true,"href":"https:\/\/aplusproje.com.tr\/index.php\/wp-json\/wp\/v2\/comments?post=1958"}],"version-history":[{"count":18,"href":"https:\/\/aplusproje.com.tr\/index.php\/wp-json\/wp\/v2\/pages\/1958\/revisions"}],"predecessor-version":[{"id":4902,"href":"https:\/\/aplusproje.com.tr\/index.php\/wp-json\/wp\/v2\/pages\/1958\/revisions\/4902"}],"wp:attachment":[{"href":"https:\/\/aplusproje.com.tr\/index.php\/wp-json\/wp\/v2\/media?parent=1958"}],"curies":[{"name":"wp","href":"https:\/\/api.w.org\/{rel}","templated":true}]}}